{"id":585,"date":"2019-01-04T12:33:41","date_gmt":"2019-01-04T11:33:41","guid":{"rendered":"https:\/\/www.outloud.agency\/impressum\/"},"modified":"2020-06-06T21:58:22","modified_gmt":"2020-06-06T19:58:22","slug":"impressum","status":"publish","type":"page","link":"https:\/\/www.outloud.agency\/en\/impressum\/","title":{"rendered":"Impressum"},"content":{"rendered":"<section class=\"l-section wpb_row height_auto width_full\"><div class=\"l-section-h i-cf\"><div class=\"g-cols vc_row type_default valign_middle\"><div class=\"vc_col-sm-6 wpb_column vc_column_container box003\"><div class=\"vc_column-inner\"><div class=\"wpb_wrapper\"><div class=\"g-cols wpb_row type_default valign_middle vc_inner \"><div class=\"vc_col-sm-12 wpb_column vc_column_container\"><div class=\"vc_column-inner\"><div class=\"wpb_wrapper\">\r\n\t<div class=\"wpb_text_column  tekst001\">\r\n\t\t<div class=\"wpb_wrapper\">\r\n\t\t\t<h1>Impressum<\/h1>\n\r\n\t\t<\/div>\r\n\t<\/div>\r\n<\/div><\/div><\/div><\/div><\/div><\/div><\/div><div class=\"vc_col-sm-6 wpb_column vc_column_container\" id=\"canvas\"><div class=\"vc_column-inner\"><div class=\"wpb_wrapper\"><\/div><\/div><\/div><\/div><\/div><\/section><!-- Row Backgrounds --><div class=\"upb_color\" data-bg-override=\"0\" data-bg-color=\"#000000\" data-fadeout=\"\" data-fadeout-percentage=\"30\" data-parallax-content=\"\" data-parallax-content-sense=\"30\" data-row-effect-mobile-disable=\"true\" data-img-parallax-mobile-disable=\"true\" data-rtl=\"false\"  data-custom-vc-row=\"\"  data-vc=\"5.6\"  data-is_old_vc=\"\"  data-theme-support=\"\"   data-overlay=\"false\" data-overlay-color=\"\" data-overlay-pattern=\"\" data-overlay-pattern-opacity=\"\" data-overlay-pattern-size=\"\"    ><\/div><section class=\"l-section wpb_row height_large\"><div class=\"l-section-h i-cf\"><div class=\"g-cols vc_row type_default valign_top\"><div class=\"vc_col-sm-12 wpb_column vc_column_container\"><div class=\"vc_column-inner\"><div class=\"wpb_wrapper\">\r\n\t<div class=\"wpb_text_column  tekst015-2\">\r\n\t\t<div class=\"wpb_wrapper\">\r\n\t\t\t<p class=\"p1\"><strong>OUT LOUD d.o.o. za usluge i trgovinu<\/strong><\/p>\n<p class=\"p1\"><span class=\"s1\"><b>Skra\u0107ena tvrtka:\u00a0<\/b>OUT LOUD d.o.o.<br \/>\n<\/span><span class=\"s1\"><b>Sjedi\u0161te:\u00a0<\/b>Vrani\u0107eva 21, 10000 Zagreb, Hrvatska<br \/>\n<\/span><span class=\"s1\"><b>OIB:<\/b>\u00a069262311318<\/span><\/p>\n<p class=\"p1\"><span class=\"s1\"><b>Tvrtka upisana u sudski registar:\u00a0<\/b>Trgova\u010dki sud u Zagrebu,\u00a0<b>broj:<\/b>\u00a0Tt-14\/18722-4<br \/>\n<strong>MBS<\/strong>: 080930267<br \/>\n<\/span><span class=\"s1\"><b>Poslovna banka:<\/b>\u00a0Erste&amp;Steiermaerkische Bank d.d. Zagreb, IBAN HR8724020061100713043<br \/>\n<\/span><span class=\"s1\"><b>Iznos temeljnog kapitala<\/b>: 20.000,00 kuna, upla\u0107en u cijelosti<br \/>\n<\/span><span class=\"s1\"><b>Direktor:<\/b> Neboj\u0161a Uglje\u0161i\u0107<\/span><\/p>\n\r\n\t\t<\/div>\r\n\t<\/div>\r\n<\/div><\/div><\/div><\/div><\/div><\/section><!-- Row Backgrounds --><div class=\"upb_color\" data-bg-override=\"0\" data-bg-color=\"#000000\" data-fadeout=\"\" data-fadeout-percentage=\"30\" data-parallax-content=\"\" data-parallax-content-sense=\"30\" data-row-effect-mobile-disable=\"true\" data-img-parallax-mobile-disable=\"true\" data-rtl=\"false\"  data-custom-vc-row=\"\"  data-vc=\"5.6\"  data-is_old_vc=\"\"  data-theme-support=\"\"   data-overlay=\"false\" data-overlay-color=\"\" data-overlay-pattern=\"\" data-overlay-pattern-opacity=\"\" data-overlay-pattern-size=\"\"    ><\/div>\n","protected":false},"excerpt":{"rendered":"Impressum OUT LOUD d.o.o. za usluge i trgovinu Skra\u0107ena tvrtka:\u00a0OUT LOUD d.o.o. Sjedi\u0161te:\u00a0Vrani\u0107eva 21, 10000 Zagreb, Hrvatska OIB:\u00a069262311318 Tvrtka upisana u sudski registar:\u00a0Trgova\u010dki sud u Zagrebu,\u00a0broj:\u00a0Tt-14\/18722-4 MBS: 080930267 Poslovna banka:\u00a0Erste&amp;Steiermaerkische Bank d.d. Zagreb, IBAN HR8724020061100713043 Iznos temeljnog kapitala: 20.000,00 kuna, upla\u0107en u cijelosti Direktor: Neboj\u0161a Uglje\u0161i\u0107","protected":false},"author":1,"featured_media":0,"parent":0,"menu_order":0,"comment_status":"closed","ping_status":"closed","template":"","meta":[],"yoast_head":"<!-- This site is optimized with the Yoast SEO plugin v15.8 - https:\/\/yoast.com\/wordpress\/plugins\/seo\/ -->\n<title>Impressum - Out Loud<\/title>\n<meta name=\"robots\" content=\"index, follow, max-snippet:-1, max-image-preview:large, max-video-preview:-1\" \/>\n<link rel=\"canonical\" href=\"https:\/\/www.outloud.agency\/en\/impressum\/\" \/>\n<meta property=\"og:locale\" content=\"en_US\" \/>\n<meta property=\"og:type\" content=\"article\" \/>\n<meta property=\"og:title\" content=\"Impressum - Out Loud\" \/>\n<meta property=\"og:url\" content=\"https:\/\/www.outloud.agency\/en\/impressum\/\" \/>\n<meta property=\"og:site_name\" content=\"Out Loud\" \/>\n<meta property=\"article:modified_time\" content=\"2020-06-06T19:58:22+00:00\" \/>\n<meta name=\"twitter:card\" content=\"summary_large_image\" \/>\n<meta name=\"twitter:label1\" content=\"Est. reading time\">\n\t<meta name=\"twitter:data1\" content=\"1 minute\">\n<script type=\"application\/ld+json\" class=\"yoast-schema-graph\">{\"@context\":\"https:\/\/schema.org\",\"@graph\":[{\"@type\":\"WebSite\",\"@id\":\"https:\/\/www.outloud.agency\/#website\",\"url\":\"https:\/\/www.outloud.agency\/\",\"name\":\"Out Loud\",\"description\":\"Specijalizirana digitalna agencija\",\"potentialAction\":[{\"@type\":\"SearchAction\",\"target\":\"https:\/\/www.outloud.agency\/?s={search_term_string}\",\"query-input\":\"required name=search_term_string\"}],\"inLanguage\":\"en-US\"},{\"@type\":\"WebPage\",\"@id\":\"https:\/\/www.outloud.agency\/en\/impressum\/#webpage\",\"url\":\"https:\/\/www.outloud.agency\/en\/impressum\/\",\"name\":\"Impressum - Out Loud\",\"isPartOf\":{\"@id\":\"https:\/\/www.outloud.agency\/#website\"},\"datePublished\":\"2019-01-04T11:33:41+00:00\",\"dateModified\":\"2020-06-06T19:58:22+00:00\",\"breadcrumb\":{\"@id\":\"https:\/\/www.outloud.agency\/en\/impressum\/#breadcrumb\"},\"inLanguage\":\"en-US\",\"potentialAction\":[{\"@type\":\"ReadAction\",\"target\":[\"https:\/\/www.outloud.agency\/en\/impressum\/\"]}]},{\"@type\":\"BreadcrumbList\",\"@id\":\"https:\/\/www.outloud.agency\/en\/impressum\/#breadcrumb\",\"itemListElement\":[{\"@type\":\"ListItem\",\"position\":1,\"item\":{\"@type\":\"WebPage\",\"@id\":\"https:\/\/www.outloud.agency\/en\/\",\"url\":\"https:\/\/www.outloud.agency\/en\/\",\"name\":\"Po\\u010detna stranica\"}},{\"@type\":\"ListItem\",\"position\":2,\"item\":{\"@type\":\"WebPage\",\"@id\":\"https:\/\/www.outloud.agency\/en\/impressum\/\",\"url\":\"https:\/\/www.outloud.agency\/en\/impressum\/\",\"name\":\"Impressum\"}}]}]}<\/script>\n<!-- \/ Yoast SEO plugin. -->","_links":{"self":[{"href":"https:\/\/www.outloud.agency\/en\/wp-json\/wp\/v2\/pages\/585"}],"collection":[{"href":"https:\/\/www.outloud.agency\/en\/wp-json\/wp\/v2\/pages"}],"about":[{"href":"https:\/\/www.outloud.agency\/en\/wp-json\/wp\/v2\/types\/page"}],"author":[{"embeddable":true,"href":"https:\/\/www.outloud.agency\/en\/wp-json\/wp\/v2\/users\/1"}],"replies":[{"embeddable":true,"href":"https:\/\/www.outloud.agency\/en\/wp-json\/wp\/v2\/comments?post=585"}],"version-history":[{"count":2,"href":"https:\/\/www.outloud.agency\/en\/wp-json\/wp\/v2\/pages\/585\/revisions"}],"predecessor-version":[{"id":1797,"href":"https:\/\/www.outloud.agency\/en\/wp-json\/wp\/v2\/pages\/585\/revisions\/1797"}],"wp:attachment":[{"href":"https:\/\/www.outloud.agency\/en\/wp-json\/wp\/v2\/media?parent=585"}],"curies":[{"name":"wp","href":"https:\/\/api.w.org\/{rel}","templated":true}]}}