{"id":135,"date":"2018-12-23T18:40:50","date_gmt":"2018-12-23T17:40:50","guid":{"rendered":"https:\/\/www.outloud.agency\/edukacije\/"},"modified":"2019-04-10T10:05:16","modified_gmt":"2019-04-10T08:05:16","slug":"edukacije","status":"publish","type":"page","link":"https:\/\/www.outloud.agency\/en\/edukacije\/","title":{"rendered":"Edukacije"},"content":{"rendered":"<section class=\"l-section wpb_row height_auto width_full\"><div class=\"l-section-h i-cf\"><div class=\"g-cols vc_row type_default valign_middle\"><div class=\"vc_col-sm-6 wpb_column vc_column_container box003\" id=\"header-naslov-box\"><div class=\"vc_column-inner\"><div class=\"wpb_wrapper\"><div class=\"g-cols wpb_row type_default valign_middle vc_inner \"><div class=\"vc_col-sm-12 wpb_column vc_column_container\"><div class=\"vc_column-inner\"><div class=\"wpb_wrapper\">\r\n\t<div class=\"wpb_text_column  tekst001\">\r\n\t\t<div class=\"wpb_wrapper\">\r\n\t\t\t<h1>Na\u0161e <b>edukacije<\/b><\/h1>\n\r\n\t\t<\/div>\r\n\t<\/div>\r\n\r\n\t<div class=\"wpb_text_column  tekst002\">\r\n\t\t<div class=\"wpb_wrapper\">\r\n\t\t\t<p>Znanje vam nitko ne mo\u017ee oduzeti, samo ga mo\u017eete nadogra\u0111ivati. Iz tih razloga, iskustvom ste\u010deno znanje volimo podijeliti na seminarima ili na individualnim edukacijama. Na\u0161e edukacije vrijedan su izvor znanja i informacija!<\/p>\n\r\n\t\t<\/div>\r\n\t<\/div>\r\n<\/div><\/div><\/div><\/div><\/div><\/div><\/div><div class=\"vc_col-sm-6 wpb_column vc_column_container\" id=\"box016\"><div class=\"vc_column-inner\"><div class=\"wpb_wrapper\"><\/div><\/div><\/div><\/div><\/div><\/section><!-- Row Backgrounds --><div class=\"upb_color\" data-bg-override=\"0\" data-bg-color=\"#000000\" data-fadeout=\"\" data-fadeout-percentage=\"30\" data-parallax-content=\"\" data-parallax-content-sense=\"30\" data-row-effect-mobile-disable=\"true\" data-img-parallax-mobile-disable=\"true\" data-rtl=\"false\"  data-custom-vc-row=\"\"  data-vc=\"5.6\"  data-is_old_vc=\"\"  data-theme-support=\"\"   data-overlay=\"false\" data-overlay-color=\"\" data-overlay-pattern=\"\" data-overlay-pattern-opacity=\"\" data-overlay-pattern-size=\"\"    ><\/div><section class=\"l-section wpb_row height_medium width_full\"><div class=\"l-section-h i-cf\"><div class=\"g-cols vc_row type_default valign_middle\"><div class=\"vc_col-sm-6 wpb_column vc_column_container\"><div class=\"vc_column-inner\"><div class=\"wpb_wrapper\"><div class=\"w-image align_none\"><div class=\"w-image-h\"><img width=\"1500\" height=\"606\" src=\"https:\/\/www.outloud.agency\/wp-content\/uploads\/2019\/01\/slika-300.jpg\" class=\"attachment-full size-full\" alt=\"\" loading=\"lazy\" srcset=\"https:\/\/www.outloud.agency\/wp-content\/uploads\/2019\/01\/slika-300.jpg 1500w, https:\/\/www.outloud.agency\/wp-content\/uploads\/2019\/01\/slika-300-300x121.jpg 300w, https:\/\/www.outloud.agency\/wp-content\/uploads\/2019\/01\/slika-300-1024x414.jpg 1024w, https:\/\/www.outloud.agency\/wp-content\/uploads\/2019\/01\/slika-300-490x198.jpg 490w, https:\/\/www.outloud.agency\/wp-content\/uploads\/2019\/01\/slika-300-363x147.jpg 363w, https:\/\/www.outloud.agency\/wp-content\/uploads\/2019\/01\/slika-300-409x165.jpg 409w, https:\/\/www.outloud.agency\/wp-content\/uploads\/2019\/01\/slika-300-489x198.jpg 489w, https:\/\/www.outloud.agency\/wp-content\/uploads\/2019\/01\/slika-300-536x217.jpg 536w\" sizes=\"(max-width: 1500px) 100vw, 1500px\" \/><\/div><\/div><\/div><\/div><\/div><div class=\"vc_col-sm-6 wpb_column vc_column_container box004\"><div class=\"vc_column-inner\"><div class=\"wpb_wrapper\"><div class=\"g-cols wpb_row type_boxes valign_top vc_inner \"><div class=\"vc_col-sm-12 wpb_column vc_column_container\"><div class=\"vc_column-inner\"><div class=\"wpb_wrapper\">\r\n\t<div class=\"wpb_text_column  tekst010\">\r\n\t\t<div class=\"wpb_wrapper\">\r\n\t\t\t<h1>Korporativni <strong>consulting<\/strong><\/h1>\n\r\n\t\t<\/div>\r\n\t<\/div>\r\n\r\n\t<div class=\"wpb_text_column  tekst012-3\">\r\n\t\t<div class=\"wpb_wrapper\">\r\n\t\t\t<p>Na va\u0161 poziv dolazimo kod vas i odr\u017eavamo edukacije u manjim grupama ili jedan na jedan. Mo\u017eete i vi do\u0107i kod nas, rado \u0107emo vas ugostiti i savjetovati vas kako da krenete u pravom smjeru.<\/p>\n\r\n\t\t<\/div>\r\n\t<\/div>\r\n[vc_raw_html]JTNDYSUyMGNsYXNzJTNEJTIydy1idG4lMjB1cy1idG4tc3R5bGVfNCUyMGljb25fbm9uZSUyMiUyMGhyZWYlM0QlMjIlMjNrb250YWt0aXJhanRlLW5hcyUyMiUyMHN0eWxlJTNEJTIyJTBBJTIwJTIwJTIwJTIwcGFkZGluZyUzQSUyMDFlbSUyMDIuNWVtJTNCJTBBJTIyJTNFJTNDc3BhbiUyMGNsYXNzJTNEJTIydy1idG4tbGFiZWwlMjIlM0VEb2dvdm9yaXRlJTIwdGVybWluJTNDJTJGc3BhbiUzRSUzQyUyRmElM0U=[\/vc_raw_html]<\/div><\/div><\/div><\/div><\/div><\/div><\/div><\/div><\/div><\/section><section class=\"l-section wpb_row height_auto width_full\"><div class=\"l-section-h i-cf\"><div class=\"g-cols vc_row type_default valign_top\"><div class=\"vc_col-sm-3 wpb_column vc_column_container\"><div class=\"vc_column-inner  vc_custom_1546609121581\"><div class=\"wpb_wrapper\"><div class=\"w-image align_none\"><a class=\"w-image-h\" href=\"https:\/\/www.outloud.agency\/wp-content\/uploads\/2019\/01\/fotografija004.jpg\" ref=\"magnificPopup\"><img width=\"1364\" height=\"885\" src=\"https:\/\/www.outloud.agency\/wp-content\/uploads\/2019\/01\/fotografija004.jpg\" class=\"attachment-full size-full\" alt=\"\" loading=\"lazy\" srcset=\"https:\/\/www.outloud.agency\/wp-content\/uploads\/2019\/01\/fotografija004.jpg 1364w, https:\/\/www.outloud.agency\/wp-content\/uploads\/2019\/01\/fotografija004-300x195.jpg 300w, https:\/\/www.outloud.agency\/wp-content\/uploads\/2019\/01\/fotografija004-1024x664.jpg 1024w, https:\/\/www.outloud.agency\/wp-content\/uploads\/2019\/01\/fotografija004-490x318.jpg 490w, https:\/\/www.outloud.agency\/wp-content\/uploads\/2019\/01\/fotografija004-363x236.jpg 363w, https:\/\/www.outloud.agency\/wp-content\/uploads\/2019\/01\/fotografija004-409x265.jpg 409w, https:\/\/www.outloud.agency\/wp-content\/uploads\/2019\/01\/fotografija004-489x317.jpg 489w, https:\/\/www.outloud.agency\/wp-content\/uploads\/2019\/01\/fotografija004-536x348.jpg 536w\" sizes=\"(max-width: 1364px) 100vw, 1364px\" \/><\/a><\/div><\/div><\/div><\/div><div class=\"vc_col-sm-3 wpb_column vc_column_container\"><div class=\"vc_column-inner  vc_custom_1546609127114\"><div class=\"wpb_wrapper\"><div class=\"w-image align_none\"><a class=\"w-image-h\" href=\"https:\/\/www.outloud.agency\/wp-content\/uploads\/2019\/01\/fotografija003.jpg\" ref=\"magnificPopup\"><img width=\"1364\" height=\"885\" src=\"https:\/\/www.outloud.agency\/wp-content\/uploads\/2019\/01\/fotografija003.jpg\" class=\"attachment-full size-full\" alt=\"\" loading=\"lazy\" srcset=\"https:\/\/www.outloud.agency\/wp-content\/uploads\/2019\/01\/fotografija003.jpg 1364w, https:\/\/www.outloud.agency\/wp-content\/uploads\/2019\/01\/fotografija003-300x195.jpg 300w, https:\/\/www.outloud.agency\/wp-content\/uploads\/2019\/01\/fotografija003-1024x664.jpg 1024w, https:\/\/www.outloud.agency\/wp-content\/uploads\/2019\/01\/fotografija003-490x318.jpg 490w, https:\/\/www.outloud.agency\/wp-content\/uploads\/2019\/01\/fotografija003-363x236.jpg 363w, https:\/\/www.outloud.agency\/wp-content\/uploads\/2019\/01\/fotografija003-409x265.jpg 409w, https:\/\/www.outloud.agency\/wp-content\/uploads\/2019\/01\/fotografija003-489x317.jpg 489w, https:\/\/www.outloud.agency\/wp-content\/uploads\/2019\/01\/fotografija003-536x348.jpg 536w\" sizes=\"(max-width: 1364px) 100vw, 1364px\" \/><\/a><\/div><\/div><\/div><\/div><div class=\"vc_col-sm-3 wpb_column vc_column_container\"><div class=\"vc_column-inner  vc_custom_1546609133028\"><div class=\"wpb_wrapper\"><div class=\"w-image align_none\"><a class=\"w-image-h\" href=\"https:\/\/www.outloud.agency\/wp-content\/uploads\/2019\/01\/fotografija005.jpg\" ref=\"magnificPopup\"><img width=\"1364\" height=\"885\" src=\"https:\/\/www.outloud.agency\/wp-content\/uploads\/2019\/01\/fotografija005.jpg\" class=\"attachment-full size-full\" alt=\"\" loading=\"lazy\" srcset=\"https:\/\/www.outloud.agency\/wp-content\/uploads\/2019\/01\/fotografija005.jpg 1364w, https:\/\/www.outloud.agency\/wp-content\/uploads\/2019\/01\/fotografija005-300x195.jpg 300w, https:\/\/www.outloud.agency\/wp-content\/uploads\/2019\/01\/fotografija005-1024x664.jpg 1024w, https:\/\/www.outloud.agency\/wp-content\/uploads\/2019\/01\/fotografija005-490x318.jpg 490w, https:\/\/www.outloud.agency\/wp-content\/uploads\/2019\/01\/fotografija005-363x236.jpg 363w, https:\/\/www.outloud.agency\/wp-content\/uploads\/2019\/01\/fotografija005-409x265.jpg 409w, https:\/\/www.outloud.agency\/wp-content\/uploads\/2019\/01\/fotografija005-489x317.jpg 489w, https:\/\/www.outloud.agency\/wp-content\/uploads\/2019\/01\/fotografija005-536x348.jpg 536w\" sizes=\"(max-width: 1364px) 100vw, 1364px\" \/><\/a><\/div><\/div><\/div><\/div><div class=\"vc_col-sm-3 wpb_column vc_column_container\"><div class=\"vc_column-inner  vc_custom_1546609139047\"><div class=\"wpb_wrapper\"><div class=\"w-image align_none\"><a class=\"w-image-h\" href=\"https:\/\/www.outloud.agency\/wp-content\/uploads\/2019\/01\/fotografija006.jpg\" ref=\"magnificPopup\"><img width=\"1364\" height=\"885\" src=\"https:\/\/www.outloud.agency\/wp-content\/uploads\/2019\/01\/fotografija006.jpg\" class=\"attachment-full size-full\" alt=\"\" loading=\"lazy\" srcset=\"https:\/\/www.outloud.agency\/wp-content\/uploads\/2019\/01\/fotografija006.jpg 1364w, https:\/\/www.outloud.agency\/wp-content\/uploads\/2019\/01\/fotografija006-300x195.jpg 300w, https:\/\/www.outloud.agency\/wp-content\/uploads\/2019\/01\/fotografija006-1024x664.jpg 1024w, https:\/\/www.outloud.agency\/wp-content\/uploads\/2019\/01\/fotografija006-490x318.jpg 490w, https:\/\/www.outloud.agency\/wp-content\/uploads\/2019\/01\/fotografija006-363x236.jpg 363w, https:\/\/www.outloud.agency\/wp-content\/uploads\/2019\/01\/fotografija006-409x265.jpg 409w, https:\/\/www.outloud.agency\/wp-content\/uploads\/2019\/01\/fotografija006-489x317.jpg 489w, https:\/\/www.outloud.agency\/wp-content\/uploads\/2019\/01\/fotografija006-536x348.jpg 536w\" sizes=\"(max-width: 1364px) 100vw, 1364px\" \/><\/a><\/div><\/div><\/div><\/div><\/div><\/div><\/section><section class=\"l-section wpb_row height_large\"><div class=\"l-section-h i-cf\"><div class=\"g-cols vc_row type_default valign_top\"><div class=\"vc_col-sm-12 wpb_column vc_column_container\"><div class=\"vc_column-inner\"><div class=\"wpb_wrapper\"><div class=\"g-cols wpb_row type_default valign_top vc_inner \"><div class=\"vc_col-sm-6 wpb_column vc_column_container\"><div class=\"vc_column-inner  vc_custom_1546517449219\"><div class=\"wpb_wrapper\">[vc_raw_html]JTNDYSUyMHRhcmdldCUzRCUyMmJsYW5rJTIyJTIwaHJlZiUzRCUyMmh0dHBzJTNBJTJGJTJGd3d3Lm91dGxvdWQuYWdlbmN5JTJGZGlnaXRhbC1jbGluaWMlMkYlMjIlM0UlMEElM0NkaXYlMjBzdHlsZSUzRCUyMmJhY2tncm91bmQtaW1hZ2UlM0ElMjB1cmwlMjhodHRwcyUzQSUyRiUyRnd3dy5vdXRsb3VkLmFnZW5jeSUyRm5vdmklMkZ3cC1jb250ZW50JTJGdXBsb2FkcyUyRjIwMTklMkYwMSUyRnNlbWluYXItemEtemRyYXZzdHZvLmpwZyUyOSUzQiUyMiUyMGNsYXNzJTNEJTIyZWR1a2FjaWplLWt1dGlqYTIlMjIlM0UlMEElM0NkaXYlMjBjbGFzcyUzRCUyMmVkdWthY2lqZS1vdmVybGF5MiUyMiUzRSUzQyUyRmRpdiUzRSUwQSUwQSUzQ2RpdiUyMGNsYXNzJTNEJTIyZWR1a2FjaWplLWt1dGlqYS1pbmZvMiUyMiUzRSUwQSUzQ2gxJTIwY2xhc3MlM0QlMjJlZHVrYWNpamUta3V0aWphLW5hc2xvdjIlMjIlM0UlM0NzdHJvbmclM0VEaWdpdGFsJTIwQ2xpbmljJTNDJTJGc3Ryb25nJTNFJTBBbWFya2V0aW4lQzUlQTFraSUyMHNlbWluYXIlMjB6YSUyMHpkcmF2c3R2byUzQyUyRmgxJTNFJTBBJTNDZGl2JTIwY2xhc3MlM0QlMjJlZHVrYWNpamUta3V0aWphLW9waXMyJTIyJTNFTm92aSUyMGRhdHVtJTIwdXNrb3JvJTNDJTJGZGl2JTNFJTBBJTNDYSUyMGNsYXNzJTNEJTIydy1idG4lMjB1cy1idG4tc3R5bGVfNCUyMGljb25fbm9uZSUyMiUyMGhyZWYlM0QlMjJodHRwcyUzQSUyRiUyRnd3dy5vdXRsb3VkLmFnZW5jeSUyRmRpZ2l0YWwtY2xpbmljJTJGJTIyJTIwc3R5bGUlM0QlMjIlMEElMjAlMjAlMjAlMjBwYWRkaW5nJTNBJTIwMWVtJTIwMi41ZW0lM0IlMEElMjIlM0UlM0NzcGFuJTIwY2xhc3MlM0QlMjJ3LWJ0bi1sYWJlbCUyMiUzRVNhem5hanRlJTIwdmklQzUlQTFlJTNDJTJGc3BhbiUzRSUzQyUyRmElM0UlM0UlMEElM0MlMkZkaXYlM0UlMEElMEElM0MlMkZkaXYlM0UlMEElM0MlMkZhJTNF[\/vc_raw_html]<\/div><\/div><\/div><div class=\"vc_col-sm-6 wpb_column vc_column_container element002\"><div class=\"vc_column-inner  vc_custom_1546623339662\"><div class=\"wpb_wrapper\">[vc_raw_html]JTNDYSUyMHRhcmdldCUzRCUyMnRhcmdldCUyMiUyMGhyZWYlM0QlMjJodHRwcyUzQSUyRiUyRnd3dy5vdXRsb3VkLmFnZW5jeSUyRm1hcmtldGluc2tpLXNlbWluYXItemEtc3RvbWF0b2xvZ2UlMkYlMjIlM0UlMEElM0NkaXYlMjBzdHlsZSUzRCUyMmJhY2tncm91bmQtaW1hZ2UlM0ElMjB1cmwlMjhodHRwcyUzQSUyRiUyRnd3dy5vdXRsb3VkLmFnZW5jeSUyRm5vdmklMkZ3cC1jb250ZW50JTJGdXBsb2FkcyUyRjIwMTklMkYwMSUyRnNlbWluYXItemEtc3RvbWF0b2xvZ2UuanBnJTI5JTNCJTIyJTIwY2xhc3MlM0QlMjJlZHVrYWNpamUta3V0aWphMiUyMiUzRSUwQSUzQ2RpdiUyMGNsYXNzJTNEJTIyZWR1a2FjaWplLW92ZXJsYXkyJTIyJTNFJTNDJTJGZGl2JTNFJTBBJTBBJTNDZGl2JTIwY2xhc3MlM0QlMjJlZHVrYWNpamUta3V0aWphLWluZm8yJTIyJTNFJTBBJTNDaDElMjBjbGFzcyUzRCUyMmVkdWthY2lqZS1rdXRpamEtbmFzbG92MiUyMiUzRU1hcmtldGluJUM1JUExa2klM0MlMkZiciUzRXNlbWluYXIlM0MlMkZiJTNFJTNDc3Ryb25nJTNFemElMjBzdG9tYXRvbG9nZSUzQyUyRnN0cm9uZyUzRSUzQyUyRmgxJTNFJTBBJTNDZGl2JTIwY2xhc3MlM0QlMjJlZHVrYWNpamUta3V0aWphLW9waXMyJTIyJTNFTm92aSUyMGRhdHVtJTIwdXNrb3JvJTNDJTJGZGl2JTNFJTBBJTNDYSUyMGNsYXNzJTNEJTIydy1idG4lMjB1cy1idG4tc3R5bGVfNCUyMGljb25fbm9uZSUyMiUyMGhyZWYlM0QlMjJodHRwcyUzQSUyRiUyRnd3dy5vdXRsb3VkLmFnZW5jeSUyRm1hcmtldGluc2tpLXNlbWluYXItemEtc3RvbWF0b2xvZ2UlMkYlMjIlMjBzdHlsZSUzRCUyMiUwQSUyMCUyMCUyMCUyMHBhZGRpbmclM0ElMjAxZW0lMjAyLjVlbSUzQiUwQSUyMiUzRSUzQ3NwYW4lMjBjbGFzcyUzRCUyMnctYnRuLWxhYmVsJTIyJTNFU2F6bmFqdGUlMjB2aSVDNSVBMWUlM0MlMkZzcGFuJTNFJTNDJTJGYSUzRSUwQSUzQyUyRmRpdiUzRSUwQSUwQSUzQyUyRmRpdiUzRSUwQSUzQyUyRmElM0U=[\/vc_raw_html]<\/div><\/div><\/div><\/div><\/div><\/div><\/div><\/div><\/div><\/section><!-- Row Backgrounds --><div class=\"upb_color\" data-bg-override=\"0\" data-bg-color=\"#000000\" data-fadeout=\"\" data-fadeout-percentage=\"30\" data-parallax-content=\"\" data-parallax-content-sense=\"30\" data-row-effect-mobile-disable=\"true\" data-img-parallax-mobile-disable=\"true\" data-rtl=\"false\"  data-custom-vc-row=\"\"  data-vc=\"5.6\"  data-is_old_vc=\"\"  data-theme-support=\"\"   data-overlay=\"false\" data-overlay-color=\"\" data-overlay-pattern=\"\" data-overlay-pattern-opacity=\"\" data-overlay-pattern-size=\"\"    ><\/div><section class=\"l-section wpb_row height_large testimonial001-pozadina\"><div class=\"l-section-h i-cf\"><div class=\"g-cols vc_row type_default valign_middle\"><div class=\"vc_col-sm-12 wpb_column vc_column_container\"><div class=\"vc_column-inner\"><div class=\"wpb_wrapper\">\r\n\t<div class=\"wpb_text_column  testimonial-naslov\">\r\n\t\t<div class=\"wpb_wrapper\">\r\n\t\t\t<p>Dojmovi polaznika seminara<\/p>\n\r\n\t\t<\/div>\r\n\t<\/div>\r\n<div id=\"ult-carousel-143561638469e342208e325\" class=\"ult-carousel-wrapper   ult_horizontal\" data-gutter=\"15\" data-rtl=\"false\" ><div class=\"ult-carousel-134021811269e342208e2fc \" ><div class=\"ult-item-wrap\" data-animation=\"animated no-animation\">\r\n\t<div class=\"wpb_text_column  testimonial001\">\r\n\t\t<div class=\"wpb_wrapper\">\r\n\t\t\t<p>Jako sam ugodno iznena\u0111ena. odli\u010dni predava\u010di. Super informacije. Svaka \u010dast.<\/p>\n\r\n\t\t<\/div>\r\n\t<\/div>\r\n<\/div><div class=\"ult-item-wrap\" data-animation=\"animated no-animation\">\r\n\t<div class=\"wpb_text_column  testimonial001\">\r\n\t\t<div class=\"wpb_wrapper\">\r\n\t\t\t<p>Jako zanimljivo, \u017eivo, puno novih informacija.<\/p>\n\r\n\t\t<\/div>\r\n\t<\/div>\r\n<\/div><div class=\"ult-item-wrap\" data-animation=\"animated no-animation\">\r\n\t<div class=\"wpb_text_column  testimonial001\">\r\n\t\t<div class=\"wpb_wrapper\">\r\n\t\t\t<p>Sukus odli\u010dnih predava\u010da, tema, atmosfere, polaznika i tiramisua. \ud83d\ude42<\/p>\n\r\n\t\t<\/div>\r\n\t<\/div>\r\n<\/div><div class=\"ult-item-wrap\" data-animation=\"animated no-animation\">\r\n\t<div class=\"wpb_text_column  testimonial001\">\r\n\t\t<div class=\"wpb_wrapper\">\r\n\t\t\t<p>Korisno znanje i iskustvo.<\/p>\n\r\n\t\t<\/div>\r\n\t<\/div>\r\n<\/div><div class=\"ult-item-wrap\" data-animation=\"animated no-animation\">\r\n\t<div class=\"wpb_text_column  testimonial001\">\r\n\t\t<div class=\"wpb_wrapper\">\r\n\t\t\t<p>Seminar je potpuno dobar i u potpunosti je ispunio moja o\u010dekivanja.<\/p>\n\r\n\t\t<\/div>\r\n\t<\/div>\r\n<\/div><div class=\"ult-item-wrap\" data-animation=\"animated no-animation\">\r\n\t<div class=\"wpb_text_column  testimonial001\">\r\n\t\t<div class=\"wpb_wrapper\">\r\n\t\t\t<p>Odli\u010dna organizacija, izvanredna tema, odli\u010dni predava\u010di.<\/p>\n\r\n\t\t<\/div>\r\n\t<\/div>\r\n<\/div><div class=\"ult-item-wrap\" data-animation=\"animated no-animation\">\r\n\t<div class=\"wpb_text_column  testimonial001\">\r\n\t\t<div class=\"wpb_wrapper\">\r\n\t\t\t<p>Seminar je izvrsno koncipiran, predava\u010di kvalitetni, zanimljivi, svaka pohvala na to\u010dnosti.<\/p>\n\r\n\t\t<\/div>\r\n\t<\/div>\r\n<\/div><div class=\"ult-item-wrap\" data-animation=\"animated no-animation\">\r\n\t<div class=\"wpb_text_column  testimonial001\">\r\n\t\t<div class=\"wpb_wrapper\">\r\n\t\t\t<p>Odli\u010dan seminar, zanimljivi predava\u010di, puno novih znanja, svakako ga preporu\u010dam.<\/p>\n\r\n\t\t<\/div>\r\n\t<\/div>\r\n<\/div><div class=\"ult-item-wrap\" data-animation=\"animated no-animation\">\r\n\t<div class=\"wpb_text_column  testimonial001\">\r\n\t\t<div class=\"wpb_wrapper\">\r\n\t\t\t<p>Ne\u0161to novo, svakako zanimljiva tema, zadovoljni smo nau\u010denim.<\/p>\n\r\n\t\t<\/div>\r\n\t<\/div>\r\n<\/div><\/div><\/div>\t\t\t<script type=\"text\/javascript\">\r\n\t\t\t\tjQuery(document).ready(function ($) {\r\n\t\t\t\t\tif( typeof jQuery('.ult-carousel-134021811269e342208e2fc').slick == \"function\"){\r\n\t\t\t\t\t\t$('.ult-carousel-134021811269e342208e2fc').slick({dots: false,autoplay: true,autoplaySpeed: 5000,speed: 300,infinite: true,arrows: true,nextArrow: '<button type=\"button\" role=\"button\" aria-label=\"Next\" style=\"color:#ffffff; font-size:50px;\" class=\"slick-next default\"><i class=\"ultsl-arrow-right6\"><\/i><\/button>',prevArrow: '<button type=\"button\" role=\"button\" aria-label=\"Previous\" style=\"color:#ffffff; font-size:50px;\" class=\"slick-prev default\"><i class=\"ultsl-arrow-left6\"><\/i><\/button>',slidesToScroll:1,slidesToShow:1,swipe: true,draggable: true,touchMove: true,pauseOnHover: true,pauseOnFocus: false,responsive: [\r\n\t\t\t\t\t\t\t{\r\n\t\t\t\t\t\t\t  breakpoint: 1026,\r\n\t\t\t\t\t\t\t  settings: {\r\n\t\t\t\t\t\t\t\tslidesToShow: 1,\r\n\t\t\t\t\t\t\t\tslidesToScroll: 1,  \r\n\t\t\t\t\t\t\t  }\r\n\t\t\t\t\t\t\t},\r\n\t\t\t\t\t\t\t{\r\n\t\t\t\t\t\t\t  breakpoint: 1025,\r\n\t\t\t\t\t\t\t  settings: {\r\n\t\t\t\t\t\t\t\tslidesToShow: 1,\r\n\t\t\t\t\t\t\t\tslidesToScroll: 1\r\n\t\t\t\t\t\t\t  }\r\n\t\t\t\t\t\t\t},\r\n\t\t\t\t\t\t\t{\r\n\t\t\t\t\t\t\t  breakpoint: 760,\r\n\t\t\t\t\t\t\t  settings: {\r\n\t\t\t\t\t\t\t\tslidesToShow: 1,\r\n\t\t\t\t\t\t\t\tslidesToScroll: 1\r\n\t\t\t\t\t\t\t  }\r\n\t\t\t\t\t\t\t}\r\n\t\t\t\t\t\t],pauseOnDotsHover: true,customPaging: function(slider, i) {\r\n                   return '<i type=\"button\" style= \"color:#333333;\" class=\"ultsl-record\" data-role=\"none\"><\/i>';\r\n                },});\r\n\t\t\t\t\t}\r\n\t\t\t\t});\r\n\t\t\t<\/script>\r\n\t\t\t<\/div><\/div><\/div><\/div><\/div><\/section>\n","protected":false},"excerpt":{"rendered":"Na\u0161e edukacije Znanje vam nitko ne mo\u017ee oduzeti, samo ga mo\u017eete nadogra\u0111ivati. Iz tih razloga, iskustvom ste\u010deno znanje volimo podijeliti na seminarima ili na individualnim edukacijama. Na\u0161e edukacije vrijedan su izvor znanja i informacija! Korporativni consulting Na va\u0161 poziv dolazimo kod vas i odr\u017eavamo edukacije u manjim grupama ili jedan na jedan. Mo\u017eete i vi...","protected":false},"author":1,"featured_media":0,"parent":0,"menu_order":0,"comment_status":"closed","ping_status":"closed","template":"","meta":[],"yoast_head":"<!-- This site is optimized with the Yoast SEO plugin v15.8 - https:\/\/yoast.com\/wordpress\/plugins\/seo\/ -->\n<title>Edukacije - Out Loud<\/title>\n<meta name=\"robots\" content=\"index, follow, max-snippet:-1, max-image-preview:large, max-video-preview:-1\" \/>\n<link rel=\"canonical\" href=\"https:\/\/www.outloud.agency\/en\/edukacije\/\" \/>\n<meta property=\"og:locale\" content=\"en_US\" \/>\n<meta property=\"og:type\" content=\"article\" \/>\n<meta property=\"og:title\" content=\"Edukacije - Out Loud\" \/>\n<meta property=\"og:url\" content=\"https:\/\/www.outloud.agency\/en\/edukacije\/\" \/>\n<meta property=\"og:site_name\" content=\"Out Loud\" \/>\n<meta property=\"article:modified_time\" content=\"2019-04-10T08:05:16+00:00\" \/>\n<meta name=\"twitter:card\" content=\"summary_large_image\" \/>\n<meta name=\"twitter:label1\" content=\"Est. reading time\">\n\t<meta name=\"twitter:data1\" content=\"4 minutes\">\n<script type=\"application\/ld+json\" class=\"yoast-schema-graph\">{\"@context\":\"https:\/\/schema.org\",\"@graph\":[{\"@type\":\"WebSite\",\"@id\":\"https:\/\/www.outloud.agency\/#website\",\"url\":\"https:\/\/www.outloud.agency\/\",\"name\":\"Out Loud\",\"description\":\"Specijalizirana digitalna agencija\",\"potentialAction\":[{\"@type\":\"SearchAction\",\"target\":\"https:\/\/www.outloud.agency\/?s={search_term_string}\",\"query-input\":\"required name=search_term_string\"}],\"inLanguage\":\"en-US\"},{\"@type\":\"WebPage\",\"@id\":\"https:\/\/www.outloud.agency\/en\/edukacije\/#webpage\",\"url\":\"https:\/\/www.outloud.agency\/en\/edukacije\/\",\"name\":\"Edukacije - Out Loud\",\"isPartOf\":{\"@id\":\"https:\/\/www.outloud.agency\/#website\"},\"datePublished\":\"2018-12-23T17:40:50+00:00\",\"dateModified\":\"2019-04-10T08:05:16+00:00\",\"breadcrumb\":{\"@id\":\"https:\/\/www.outloud.agency\/en\/edukacije\/#breadcrumb\"},\"inLanguage\":\"en-US\",\"potentialAction\":[{\"@type\":\"ReadAction\",\"target\":[\"https:\/\/www.outloud.agency\/en\/edukacije\/\"]}]},{\"@type\":\"BreadcrumbList\",\"@id\":\"https:\/\/www.outloud.agency\/en\/edukacije\/#breadcrumb\",\"itemListElement\":[{\"@type\":\"ListItem\",\"position\":1,\"item\":{\"@type\":\"WebPage\",\"@id\":\"https:\/\/www.outloud.agency\/en\/\",\"url\":\"https:\/\/www.outloud.agency\/en\/\",\"name\":\"Po\\u010detna stranica\"}},{\"@type\":\"ListItem\",\"position\":2,\"item\":{\"@type\":\"WebPage\",\"@id\":\"https:\/\/www.outloud.agency\/en\/edukacije\/\",\"url\":\"https:\/\/www.outloud.agency\/en\/edukacije\/\",\"name\":\"Edukacije\"}}]}]}<\/script>\n<!-- \/ Yoast SEO plugin. -->","_links":{"self":[{"href":"https:\/\/www.outloud.agency\/en\/wp-json\/wp\/v2\/pages\/135"}],"collection":[{"href":"https:\/\/www.outloud.agency\/en\/wp-json\/wp\/v2\/pages"}],"about":[{"href":"https:\/\/www.outloud.agency\/en\/wp-json\/wp\/v2\/types\/page"}],"author":[{"embeddable":true,"href":"https:\/\/www.outloud.agency\/en\/wp-json\/wp\/v2\/users\/1"}],"replies":[{"embeddable":true,"href":"https:\/\/www.outloud.agency\/en\/wp-json\/wp\/v2\/comments?post=135"}],"version-history":[{"count":17,"href":"https:\/\/www.outloud.agency\/en\/wp-json\/wp\/v2\/pages\/135\/revisions"}],"predecessor-version":[{"id":1438,"href":"https:\/\/www.outloud.agency\/en\/wp-json\/wp\/v2\/pages\/135\/revisions\/1438"}],"wp:attachment":[{"href":"https:\/\/www.outloud.agency\/en\/wp-json\/wp\/v2\/media?parent=135"}],"curies":[{"name":"wp","href":"https:\/\/api.w.org\/{rel}","templated":true}]}}