{"id":134,"date":"2018-12-23T18:40:35","date_gmt":"2018-12-23T17:40:35","guid":{"rendered":"https:\/\/www.outloud.agency\/usluge\/"},"modified":"2019-02-22T13:05:24","modified_gmt":"2019-02-22T12:05:24","slug":"usluge","status":"publish","type":"page","link":"https:\/\/www.outloud.agency\/en\/usluge\/","title":{"rendered":"Usluge"},"content":{"rendered":"<section class=\"l-section wpb_row height_auto width_full\"><div class=\"l-section-h i-cf\"><div class=\"g-cols vc_row type_default valign_middle\"><div class=\"vc_col-sm-6 wpb_column vc_column_container box003\" id=\"header-naslov-box\"><div class=\"vc_column-inner\"><div class=\"wpb_wrapper\"><div class=\"g-cols wpb_row type_default valign_middle vc_inner \"><div class=\"vc_col-sm-12 wpb_column vc_column_container\"><div class=\"vc_column-inner\"><div class=\"wpb_wrapper\">\r\n\t<div class=\"wpb_text_column  tekst001\">\r\n\t\t<div class=\"wpb_wrapper\">\r\n\t\t\t<h1>Na\u0161e <b>usluge<\/b><\/h1>\n\r\n\t\t<\/div>\r\n\t<\/div>\r\n\r\n\t<div class=\"wpb_text_column  tekst002\">\r\n\t\t<div class=\"wpb_wrapper\">\r\n\t\t\t<p>Svakom klijentu, bez obzira \u017eeli li pokrenuti ili pove\u0107ati poslovanje, pristupamo individualno i kreiramo mu paket usluga koji \u0107e njegovo poslovanje dovesti do postavljenog cilja. Iako se ponekad radi o istoj usluzi, ali drugom klijentu, usluga i klijent nikada nisu 100% isti.<\/p>\n\r\n\t\t<\/div>\r\n\t<\/div>\r\n<\/div><\/div><\/div><\/div><\/div><\/div><\/div><div class=\"vc_col-sm-6 wpb_column vc_column_container\" id=\"canvas\"><div class=\"vc_column-inner\"><div class=\"wpb_wrapper\"><\/div><\/div><\/div><\/div><\/div><\/section><!-- Row Backgrounds --><div class=\"upb_color\" data-bg-override=\"0\" data-bg-color=\"#000000\" data-fadeout=\"\" data-fadeout-percentage=\"30\" data-parallax-content=\"\" data-parallax-content-sense=\"30\" data-row-effect-mobile-disable=\"true\" data-img-parallax-mobile-disable=\"true\" data-rtl=\"false\"  data-custom-vc-row=\"\"  data-vc=\"5.6\"  data-is_old_vc=\"\"  data-theme-support=\"\"   data-overlay=\"false\" data-overlay-color=\"\" data-overlay-pattern=\"\" data-overlay-pattern-opacity=\"\" data-overlay-pattern-size=\"\"    ><\/div><section class=\"l-section wpb_row height_auto width_full\" id=\"consulting\"><div class=\"l-section-h i-cf\"><div class=\"g-cols vc_row type_default valign_middle\"><div class=\"vc_col-sm-6 wpb_column vc_column_container has-fill\" id=\"box017\"><div class=\"vc_column-inner  vc_custom_1549531578485\"><div class=\"wpb_wrapper\"><\/div><\/div><\/div><div class=\"vc_col-sm-6 wpb_column vc_column_container box004\"><div class=\"vc_column-inner\"><div class=\"wpb_wrapper\"><div class=\"g-cols wpb_row type_boxes valign_top vc_inner \"><div class=\"vc_col-sm-12 wpb_column vc_column_container\"><div class=\"vc_column-inner\"><div class=\"wpb_wrapper\">\r\n\t<div class=\"wpb_text_column  tekst010\">\r\n\t\t<div class=\"wpb_wrapper\">\r\n\t\t\t<h1><strong>Consulting<\/strong><\/h1>\n\r\n\t\t<\/div>\r\n\t<\/div>\r\n\r\n\t<div class=\"wpb_text_column  tekst011\">\r\n\t\t<div class=\"wpb_wrapper\">\r\n\t\t\t<p>Trebate savjet, pomo\u0107 u radu?<br \/>\nTrenutno ste izgubili \u0161iru sliku svojeg poslovanja?<br \/>\nOrganizirate odjel komunikacija unutar vlastite tvrtke<br \/>\ni potreban vam je netko s iskustvom?<br \/>\n\u017delite pro\u0161iriti svoje poslovanje?<\/p>\n\r\n\t\t<\/div>\r\n\t<\/div>\r\n\r\n\t<div class=\"wpb_text_column  tekst012\">\r\n\t\t<div class=\"wpb_wrapper\">\r\n\t\t\t<p>Po\u0161aljite nam e-mail i pozovite nas na sastanak. Analizirat \u0107emo va\u0161e postoje\u0107e stanje, izraditi plan kojim \u0107emo va\u0161e poslovanje podignuti na vi\u0161u razinu. Pogled izvana ponekad poma\u017ee vi\u0161e od pogleda iznutra.<\/p>\n\r\n\t\t<\/div>\r\n\t<\/div>\r\n<\/div><\/div><\/div><\/div><\/div><\/div><\/div><\/div><\/div><\/section><section class=\"l-section wpb_row height_auto width_full\" id=\"oglasavanje\"><div class=\"l-section-h i-cf\"><div class=\"g-cols vc_row type_default valign_middle\"><div class=\"vc_col-sm-6 wpb_column vc_column_container box003\"><div class=\"vc_column-inner\"><div class=\"wpb_wrapper\"><div class=\"g-cols wpb_row type_boxes valign_top vc_inner \"><div class=\"vc_col-sm-12 wpb_column vc_column_container\"><div class=\"vc_column-inner\"><div class=\"wpb_wrapper\">\r\n\t<div class=\"wpb_text_column  tekst010\">\r\n\t\t<div class=\"wpb_wrapper\">\r\n\t\t\t<h1><b>Ogla\u0161avanje<\/b><\/h1>\n\r\n\t\t<\/div>\r\n\t<\/div>\r\n\r\n\t<div class=\"wpb_text_column  tekst012\">\r\n\t\t<div class=\"wpb_wrapper\">\r\n\t\t\t<p>Kako bi va\u0161 proizvod ili uslugu vidio ve\u0107i broj ljudi ili popularno re\u010deno, kako bi dosegnuo ve\u0107i \u201creach\u201d, ogla\u0161avanje je nu\u017eno. Nemojte dozvoliti da se va\u0161 proizvod ili usluga izgube u moru drugih proizvoda i usluga. Jer investicija danas, zna\u010di bolje sutra za vas.<\/p>\n\r\n\t\t<\/div>\r\n\t<\/div>\r\n\r\n\t<div class=\"wpb_text_column  tekst011\">\r\n\t\t<div class=\"wpb_wrapper\">\r\n\t\t\t<p>Vrste ogla\u0161avanja koje nudimo: Facebook ogla\u0161avanje, Instagram, YouTube, Twitter, Google Ads, Google My Business, Newsletter<\/p>\n\r\n\t\t<\/div>\r\n\t<\/div>\r\n<\/div><\/div><\/div><\/div><\/div><\/div><\/div><div class=\"vc_col-sm-6 wpb_column vc_column_container has-fill\" id=\"box019\"><div class=\"vc_column-inner  vc_custom_1549531608665\"><div class=\"wpb_wrapper\"><\/div><\/div><\/div><\/div><\/div><\/section><section class=\"l-section wpb_row height_auto width_full\" id=\"community-management\"><div class=\"l-section-h i-cf\"><div class=\"g-cols vc_row type_default valign_middle\"><div class=\"vc_col-sm-6 wpb_column vc_column_container has-fill\" id=\"box017\"><div class=\"vc_column-inner  vc_custom_1549531629003\"><div class=\"wpb_wrapper\"><\/div><\/div><\/div><div class=\"vc_col-sm-6 wpb_column vc_column_container box004\"><div class=\"vc_column-inner\"><div class=\"wpb_wrapper\"><div class=\"g-cols wpb_row type_boxes valign_top vc_inner \"><div class=\"vc_col-sm-12 wpb_column vc_column_container\"><div class=\"vc_column-inner\"><div class=\"wpb_wrapper\">\r\n\t<div class=\"wpb_text_column  tekst010\">\r\n\t\t<div class=\"wpb_wrapper\">\r\n\t\t\t<h1><strong>Community<\/strong> management<\/h1>\n\r\n\t\t<\/div>\r\n\t<\/div>\r\n\r\n\t<div class=\"wpb_text_column  tekst011\">\r\n\t\t<div class=\"wpb_wrapper\">\r\n\t\t\t<p>Poznajete li ili ste \u010duli za ljude koji prije prve jutarnje kave<br \/>\npogledaju upite i komentare na dru\u0161tvenim mre\u017eama?<\/p>\n\r\n\t\t<\/div>\r\n\t<\/div>\r\n\r\n\t<div class=\"wpb_text_column  tekst012\">\r\n\t\t<div class=\"wpb_wrapper\">\r\n\t\t\t<p>Upravo vam oni trebaju!<\/p>\n\r\n\t\t<\/div>\r\n\t<\/div>\r\n\r\n\t<div class=\"wpb_text_column  tekst012\">\r\n\t\t<div class=\"wpb_wrapper\">\r\n\t\t\t<p>Oni \u0107e na vrijeme, pravopisno i gramati\u010dki to\u010dno odgovoriti korisnicima dru\u0161tvenih mre\u017ea na upite o va\u0161em proizvodu ili usluzi. Oni \u0107e umjesto vas, u ime va\u0161eg brenda komunicirati s fanovima i followerima.<\/p>\n\r\n\t\t<\/div>\r\n\t<\/div>\r\n\r\n\t<div class=\"wpb_text_column  tekst012\">\r\n\t\t<div class=\"wpb_wrapper\">\r\n\t\t\t<p>Na\u0161i community manageri znaju koliko je va\u017ena komunikacija, zato svoje oko \u201cbruse\u201d i nakon posla, ali i vikendom.<\/p>\n\r\n\t\t<\/div>\r\n\t<\/div>\r\n<\/div><\/div><\/div><\/div><\/div><\/div><\/div><\/div><\/div><\/section><section class=\"l-section wpb_row height_auto width_full\" id=\"content-management\"><div class=\"l-section-h i-cf\"><div class=\"g-cols vc_row type_default valign_middle\"><div class=\"vc_col-sm-6 wpb_column vc_column_container box003\"><div class=\"vc_column-inner\"><div class=\"wpb_wrapper\"><div class=\"g-cols wpb_row type_boxes valign_top vc_inner \"><div class=\"vc_col-sm-12 wpb_column vc_column_container\"><div class=\"vc_column-inner\"><div class=\"wpb_wrapper\">\r\n\t<div class=\"wpb_text_column  tekst010\">\r\n\t\t<div class=\"wpb_wrapper\">\r\n\t\t\t<h1><strong>Content<\/strong> management<\/h1>\n\r\n\t\t<\/div>\r\n\t<\/div>\r\n\r\n\t<div class=\"wpb_text_column  tekst011\">\r\n\t\t<div class=\"wpb_wrapper\">\r\n\t\t\t<p>Jeste li znali da postoje \u201ckraljevi\u201d i \u201ckraljice\u201d contenta ili na hrvatskom, sadr\u017eaja?<\/p>\n\r\n\t\t<\/div>\r\n\t<\/div>\r\n\r\n\t<div class=\"wpb_text_column  tekst012\">\r\n\t\t<div class=\"wpb_wrapper\">\r\n\t\t\t<p>Postoje i neki su \u201cokrunjeni u na\u0161oj agenciji.\u201d Za\u0161to? Zato \u0161to znaju va\u0161 proizvod i\/ili uslugu predstaviti i pribli\u017eiti ciljanoj publici, bilo da je rije\u010d o sadr\u017eaju za online platforme, offline ili je potrebno stvoriti sadr\u017eaj koji \u0107e spojiti offline i online.<\/p>\n\r\n\t\t<\/div>\r\n\t<\/div>\r\n<\/div><\/div><\/div><\/div><\/div><\/div><\/div><div class=\"vc_col-sm-6 wpb_column vc_column_container has-fill\" id=\"box019\"><div class=\"vc_column-inner  vc_custom_1549531654281\"><div class=\"wpb_wrapper\"><\/div><\/div><\/div><\/div><\/div><\/section><section class=\"l-section wpb_row height_large box002\"><div class=\"l-section-h i-cf\"><div class=\"g-cols vc_row type_default valign_top\"><div class=\"vc_col-sm-12 wpb_column vc_column_container\"><div class=\"vc_column-inner\"><div class=\"wpb_wrapper\"><div class=\"g-cols wpb_row type_default valign_top vc_inner \"><div class=\"vc_col-sm-12 wpb_column vc_column_container\"><div class=\"vc_column-inner\"><div class=\"wpb_wrapper\">\r\n\t<div class=\"wpb_text_column  tekst013\">\r\n\t\t<div class=\"wpb_wrapper\">\r\n\t\t\t<h1><strong>Javite <\/strong>nam se<\/h1>\n\r\n\t\t<\/div>\r\n\t<\/div>\r\n<div class=\"w-btn-wrapper width_auto align_center\"><a class=\"w-btn us-btn-style_5 icon_none\" href=\"#kontaktirajte-nas\"><span class=\"w-btn-label\">Po\u0161aljite nam upit<\/span><\/a><\/div><\/div><\/div><\/div><\/div><\/div><\/div><\/div><\/div><\/div><\/section><!-- Row Backgrounds --><div class=\"upb_color\" data-bg-override=\"0\" data-bg-color=\"#fa7268\" data-fadeout=\"\" data-fadeout-percentage=\"30\" data-parallax-content=\"\" data-parallax-content-sense=\"30\" data-row-effect-mobile-disable=\"true\" data-img-parallax-mobile-disable=\"true\" data-rtl=\"false\"  data-custom-vc-row=\"\"  data-vc=\"5.6\"  data-is_old_vc=\"\"  data-theme-support=\"\"   data-overlay=\"false\" data-overlay-color=\"\" data-overlay-pattern=\"\" data-overlay-pattern-opacity=\"\" data-overlay-pattern-size=\"\"    ><\/div><section class=\"l-section wpb_row height_auto width_full\" id=\"graficki-dizajn-i-development-web-stranica\"><div class=\"l-section-h i-cf\"><div class=\"g-cols vc_row type_default valign_middle\"><div class=\"vc_col-sm-6 wpb_column vc_column_container has-fill\" id=\"box017\"><div class=\"vc_column-inner  vc_custom_1549531673909\"><div class=\"wpb_wrapper\"><\/div><\/div><\/div><div class=\"vc_col-sm-6 wpb_column vc_column_container box004\"><div class=\"vc_column-inner\"><div class=\"wpb_wrapper\"><div class=\"g-cols wpb_row type_boxes valign_top vc_inner \"><div class=\"vc_col-sm-12 wpb_column vc_column_container\"><div class=\"vc_column-inner\"><div class=\"wpb_wrapper\">\r\n\t<div class=\"wpb_text_column  tekst010\">\r\n\t\t<div class=\"wpb_wrapper\">\r\n\t\t\t<h1>Grafi\u010dki dizajn i<br \/>\n<strong>development web stranica<\/strong><\/h1>\n\r\n\t\t<\/div>\r\n\t<\/div>\r\n\r\n\t<div class=\"wpb_text_column  tekst011\">\r\n\t\t<div class=\"wpb_wrapper\">\r\n\t\t\t<p>Jeste li znali da je web stranica centar va\u0161eg poslovanja?<br \/>\nZnate li kakva ona treba biti &#8211; lijepa ili prodajna?<br \/>\nZnate li koji je njezin cilj?<\/p>\n\r\n\t\t<\/div>\r\n\t<\/div>\r\n\r\n\t<div class=\"wpb_text_column  tekst012-2\">\r\n\t\t<div class=\"wpb_wrapper\">\r\n\t\t\t<p>Odgovor na va\u0161a pitanja je Sveto trojstvo &#8211; tko, \u0161to i koliko?<\/p>\n\r\n\t\t<\/div>\r\n\t<\/div>\r\n\r\n\t<div class=\"wpb_text_column  tekst011-2\">\r\n\t\t<div class=\"wpb_wrapper\">\r\n\t\t\t<p>Tko mi mo\u017ee pomo\u0107i?<\/p>\n\r\n\t\t<\/div>\r\n\t<\/div>\r\n\r\n\t<div class=\"wpb_text_column  tekst012-2\">\r\n\t\t<div class=\"wpb_wrapper\">\r\n\t\t\t<p>Mi!<\/p>\n\r\n\t\t<\/div>\r\n\t<\/div>\r\n\r\n\t<div class=\"wpb_text_column  tekst011-2\">\r\n\t\t<div class=\"wpb_wrapper\">\r\n\t\t\t<p>\u0160to mi nudite?<\/p>\n\r\n\t\t<\/div>\r\n\t<\/div>\r\n\r\n\t<div class=\"wpb_text_column  tekst012-2\">\r\n\t\t<div class=\"wpb_wrapper\">\r\n\t\t\t<p>Dizajn weba, development, pisanu rije\u010d.<\/p>\n\r\n\t\t<\/div>\r\n\t<\/div>\r\n<\/div><\/div><\/div><\/div><\/div><\/div><\/div><\/div><\/div><\/section><section class=\"l-section wpb_row height_auto width_full\" id=\"krizno-komuniciranje\"><div class=\"l-section-h i-cf\"><div class=\"g-cols vc_row type_default valign_middle\"><div class=\"vc_col-sm-6 wpb_column vc_column_container box003\"><div class=\"vc_column-inner\"><div class=\"wpb_wrapper\"><div class=\"g-cols wpb_row type_boxes valign_top vc_inner \"><div class=\"vc_col-sm-12 wpb_column vc_column_container\"><div class=\"vc_column-inner\"><div class=\"wpb_wrapper\">\r\n\t<div class=\"wpb_text_column  tekst010\">\r\n\t\t<div class=\"wpb_wrapper\">\r\n\t\t\t<h1>Krizno <strong>komuniciranje<\/strong><\/h1>\n\r\n\t\t<\/div>\r\n\t<\/div>\r\n\r\n\t<div class=\"wpb_text_column  tekst011\">\r\n\t\t<div class=\"wpb_wrapper\">\r\n\t\t\t<p>Jeste li znali da samo jedan negativan komentar mo\u017ee ugroziti va\u0161u reputaciju?<\/p>\n\r\n\t\t<\/div>\r\n\t<\/div>\r\n\r\n\t<div class=\"wpb_text_column  tekst012\">\r\n\t\t<div class=\"wpb_wrapper\">\r\n\t\t\t<p>Mo\u017ee. Zato smo mi tu s precizno izra\u0111enim kriznim planom. Znamo da odgovor u kratkom roku, istina, davanje jasnih informacija ili, ako je potrebna, isprika, \u010duvaju va\u0161u godinama gra\u0111enu lijepu sliku u glavama potro\u0161a\u010da.<\/p>\n\r\n\t\t<\/div>\r\n\t<\/div>\r\n<\/div><\/div><\/div><\/div><\/div><\/div><\/div><div class=\"vc_col-sm-6 wpb_column vc_column_container has-fill\" id=\"box019\"><div class=\"vc_column-inner  vc_custom_1549531693314\"><div class=\"wpb_wrapper\"><\/div><\/div><\/div><\/div><\/div><\/section><section class=\"l-section wpb_row height_large box002\"><div class=\"l-section-h i-cf\"><div class=\"g-cols vc_row type_default valign_middle\"><div class=\"vc_col-sm-8 wpb_column vc_column_container box003-2\"><div class=\"vc_column-inner\"><div class=\"wpb_wrapper\"><div class=\"g-cols wpb_row type_default valign_top vc_inner \"><div class=\"vc_col-sm-12 wpb_column vc_column_container\"><div class=\"vc_column-inner\"><div class=\"wpb_wrapper\">\r\n\t<div class=\"wpb_text_column  tekst014\">\r\n\t\t<div class=\"wpb_wrapper\">\r\n\t\t\t<h1>Prijavite se na <strong>newsletter<\/strong><\/h1>\n\r\n\t\t<\/div>\r\n\t<\/div>\r\n<\/div><\/div><\/div><\/div><\/div><\/div><\/div><div class=\"vc_col-sm-4 wpb_column vc_column_container\"><div class=\"vc_column-inner\"><div class=\"wpb_wrapper\"><div class=\"g-cols wpb_row type_default valign_top vc_inner \"><div class=\"vc_col-sm-12 wpb_column vc_column_container\"><div class=\"vc_column-inner\"><div class=\"wpb_wrapper\">\r\n\t<div class=\"wpb_text_column \">\r\n\t\t<div class=\"wpb_wrapper\">\r\n\t\t\t<p>[mailerlite_form form_id=1]<\/p>\n\r\n\t\t<\/div>\r\n\t<\/div>\r\n<\/div><\/div><\/div><\/div><\/div><\/div><\/div><\/div><\/div><\/section><!-- Row Backgrounds --><div class=\"upb_color\" data-bg-override=\"0\" data-bg-color=\"#fa7268\" data-fadeout=\"\" data-fadeout-percentage=\"30\" data-parallax-content=\"\" data-parallax-content-sense=\"30\" data-row-effect-mobile-disable=\"true\" data-img-parallax-mobile-disable=\"true\" data-rtl=\"false\"  data-custom-vc-row=\"\"  data-vc=\"5.6\"  data-is_old_vc=\"\"  data-theme-support=\"\"   data-overlay=\"false\" data-overlay-color=\"\" data-overlay-pattern=\"\" data-overlay-pattern-opacity=\"\" data-overlay-pattern-size=\"\"    ><\/div><section class=\"l-section wpb_row height_auto width_full\" id=\"odnosi-s-javnostima\"><div class=\"l-section-h i-cf\"><div class=\"g-cols vc_row type_default valign_middle\"><div class=\"vc_col-sm-6 wpb_column vc_column_container has-fill\" id=\"box017\"><div class=\"vc_column-inner  vc_custom_1549531715669\"><div class=\"wpb_wrapper\"><\/div><\/div><\/div><div class=\"vc_col-sm-6 wpb_column vc_column_container box004\"><div class=\"vc_column-inner\"><div class=\"wpb_wrapper\"><div class=\"g-cols wpb_row type_boxes valign_top vc_inner \"><div class=\"vc_col-sm-12 wpb_column vc_column_container\"><div class=\"vc_column-inner\"><div class=\"wpb_wrapper\">\r\n\t<div class=\"wpb_text_column  tekst010\">\r\n\t\t<div class=\"wpb_wrapper\">\r\n\t\t\t<h1>Odnosi s\u00a0<strong>javnostima<\/strong><\/h1>\n\r\n\t\t<\/div>\r\n\t<\/div>\r\n\r\n\t<div class=\"wpb_text_column  tekst011\">\r\n\t\t<div class=\"wpb_wrapper\">\r\n\t\t\t<p>Znate li definiciju odnosa s javnostima?<\/p>\n\r\n\t\t<\/div>\r\n\t<\/div>\r\n\r\n\t<div class=\"wpb_text_column  tekst012-2\">\r\n\t\t<div class=\"wpb_wrapper\">\r\n\t\t\t<p>U literaturi ih postoji vi\u0161e od 600! \u010cak postoji polemika ka\u017ee li se \u201cs javnostima\u201d ili \u201cs javno\u0161\u0107u\u201d. Dok vi tra\u017eite odgovore na ova pitanja, mi \u0107emo tehnikama i alatima odnosa s javnostima odr\u017eavati dvosmjernu komunikaciju s va\u0161im javnostima i ono \u0161to je jako bitno, odr\u017eavat \u0107emo odnose s vama relevantnim medijima.<\/p>\n\r\n\t\t<\/div>\r\n\t<\/div>\r\n<\/div><\/div><\/div><\/div><\/div><\/div><\/div><\/div><\/div><\/section><section class=\"l-section wpb_row height_auto width_full\" id=\"organizacija-evenata\"><div class=\"l-section-h i-cf\"><div class=\"g-cols vc_row type_default valign_middle\"><div class=\"vc_col-sm-6 wpb_column vc_column_container box003\"><div class=\"vc_column-inner\"><div class=\"wpb_wrapper\"><div class=\"g-cols wpb_row type_boxes valign_top vc_inner \"><div class=\"vc_col-sm-12 wpb_column vc_column_container\"><div class=\"vc_column-inner\"><div class=\"wpb_wrapper\">\r\n\t<div class=\"wpb_text_column  tekst010\">\r\n\t\t<div class=\"wpb_wrapper\">\r\n\t\t\t<h1>Organizacija<br \/>\n<strong>Evenata<\/strong><\/h1>\n\r\n\t\t<\/div>\r\n\t<\/div>\r\n\r\n\t<div class=\"wpb_text_column  tekst011\">\r\n\t\t<div class=\"wpb_wrapper\">\r\n\t\t\t<p>\u017delite li da uzvanicima va\u0161 event bude najbolji na kojem su bili?<\/p>\n\r\n\t\t<\/div>\r\n\t<\/div>\r\n\r\n\t<div class=\"wpb_text_column  tekst012\">\r\n\t\t<div class=\"wpb_wrapper\">\r\n\t\t\t<p>\u017delite da im cijelu ve\u010der svira glazba bez da stane jer je oti\u0161ao zvu\u010dnik, a pomo\u0107ni nemate? Ugasila se rasvjeta u jeku eventa, a vi nemate rje\u0161enje i hvata vas panika? Znamo kako vam je. Na\u0161 tim brusio je znanje na brojnim eventima poput festivala, seminara, edukacija, konferencija. Svjedo\u010dili smo situacijama kad je jedan USB vrijedan \u201cmilijun dolara\u201d.<\/p>\n\r\n\t\t<\/div>\r\n\t<\/div>\r\n<\/div><\/div><\/div><\/div><\/div><\/div><\/div><div class=\"vc_col-sm-6 wpb_column vc_column_container has-fill\" id=\"box019\"><div class=\"vc_column-inner  vc_custom_1549531736202\"><div class=\"wpb_wrapper\"><\/div><\/div><\/div><\/div><\/div><\/section>\n","protected":false},"excerpt":{"rendered":"Na\u0161e usluge Svakom klijentu, bez obzira \u017eeli li pokrenuti ili pove\u0107ati poslovanje, pristupamo individualno i kreiramo mu paket usluga koji \u0107e njegovo poslovanje dovesti do postavljenog cilja. Iako se ponekad radi o istoj usluzi, ali drugom klijentu, usluga i klijent nikada nisu 100% isti. Consulting Trebate savjet, pomo\u0107 u radu? Trenutno ste izgubili \u0161iru sliku...","protected":false},"author":1,"featured_media":0,"parent":0,"menu_order":0,"comment_status":"closed","ping_status":"closed","template":"","meta":[],"yoast_head":"<!-- This site is optimized with the Yoast SEO plugin v15.8 - https:\/\/yoast.com\/wordpress\/plugins\/seo\/ -->\n<title>Usluge - Out Loud<\/title>\n<meta name=\"robots\" content=\"index, follow, max-snippet:-1, max-image-preview:large, max-video-preview:-1\" \/>\n<link rel=\"canonical\" href=\"https:\/\/www.outloud.agency\/en\/usluge\/\" \/>\n<meta property=\"og:locale\" content=\"en_US\" \/>\n<meta property=\"og:type\" content=\"article\" \/>\n<meta property=\"og:title\" content=\"Usluge - Out Loud\" \/>\n<meta property=\"og:url\" content=\"https:\/\/www.outloud.agency\/en\/usluge\/\" \/>\n<meta property=\"og:site_name\" content=\"Out Loud\" \/>\n<meta property=\"article:modified_time\" content=\"2019-02-22T12:05:24+00:00\" \/>\n<meta name=\"twitter:card\" content=\"summary_large_image\" \/>\n<meta name=\"twitter:label1\" content=\"Est. reading time\">\n\t<meta name=\"twitter:data1\" content=\"8 minutes\">\n<script type=\"application\/ld+json\" class=\"yoast-schema-graph\">{\"@context\":\"https:\/\/schema.org\",\"@graph\":[{\"@type\":\"WebSite\",\"@id\":\"https:\/\/www.outloud.agency\/#website\",\"url\":\"https:\/\/www.outloud.agency\/\",\"name\":\"Out Loud\",\"description\":\"Specijalizirana digitalna agencija\",\"potentialAction\":[{\"@type\":\"SearchAction\",\"target\":\"https:\/\/www.outloud.agency\/?s={search_term_string}\",\"query-input\":\"required name=search_term_string\"}],\"inLanguage\":\"en-US\"},{\"@type\":\"WebPage\",\"@id\":\"https:\/\/www.outloud.agency\/en\/usluge\/#webpage\",\"url\":\"https:\/\/www.outloud.agency\/en\/usluge\/\",\"name\":\"Usluge - Out Loud\",\"isPartOf\":{\"@id\":\"https:\/\/www.outloud.agency\/#website\"},\"datePublished\":\"2018-12-23T17:40:35+00:00\",\"dateModified\":\"2019-02-22T12:05:24+00:00\",\"breadcrumb\":{\"@id\":\"https:\/\/www.outloud.agency\/en\/usluge\/#breadcrumb\"},\"inLanguage\":\"en-US\",\"potentialAction\":[{\"@type\":\"ReadAction\",\"target\":[\"https:\/\/www.outloud.agency\/en\/usluge\/\"]}]},{\"@type\":\"BreadcrumbList\",\"@id\":\"https:\/\/www.outloud.agency\/en\/usluge\/#breadcrumb\",\"itemListElement\":[{\"@type\":\"ListItem\",\"position\":1,\"item\":{\"@type\":\"WebPage\",\"@id\":\"https:\/\/www.outloud.agency\/en\/\",\"url\":\"https:\/\/www.outloud.agency\/en\/\",\"name\":\"Po\\u010detna stranica\"}},{\"@type\":\"ListItem\",\"position\":2,\"item\":{\"@type\":\"WebPage\",\"@id\":\"https:\/\/www.outloud.agency\/en\/usluge\/\",\"url\":\"https:\/\/www.outloud.agency\/en\/usluge\/\",\"name\":\"Usluge\"}}]}]}<\/script>\n<!-- \/ Yoast SEO plugin. -->","_links":{"self":[{"href":"https:\/\/www.outloud.agency\/en\/wp-json\/wp\/v2\/pages\/134"}],"collection":[{"href":"https:\/\/www.outloud.agency\/en\/wp-json\/wp\/v2\/pages"}],"about":[{"href":"https:\/\/www.outloud.agency\/en\/wp-json\/wp\/v2\/types\/page"}],"author":[{"embeddable":true,"href":"https:\/\/www.outloud.agency\/en\/wp-json\/wp\/v2\/users\/1"}],"replies":[{"embeddable":true,"href":"https:\/\/www.outloud.agency\/en\/wp-json\/wp\/v2\/comments?post=134"}],"version-history":[{"count":1,"href":"https:\/\/www.outloud.agency\/en\/wp-json\/wp\/v2\/pages\/134\/revisions"}],"predecessor-version":[{"id":1254,"href":"https:\/\/www.outloud.agency\/en\/wp-json\/wp\/v2\/pages\/134\/revisions\/1254"}],"wp:attachment":[{"href":"https:\/\/www.outloud.agency\/en\/wp-json\/wp\/v2\/media?parent=134"}],"curies":[{"name":"wp","href":"https:\/\/api.w.org\/{rel}","templated":true}]}}