{"id":132,"date":"2018-12-23T18:41:01","date_gmt":"2018-12-23T17:41:01","guid":{"rendered":"https:\/\/www.outloud.agency\/o-nama\/"},"modified":"2020-09-10T18:38:32","modified_gmt":"2020-09-10T16:38:32","slug":"o-nama","status":"publish","type":"page","link":"https:\/\/www.outloud.agency\/en\/o-nama\/","title":{"rendered":"O nama"},"content":{"rendered":"<section class=\"l-section wpb_row height_auto width_full\"><div class=\"l-section-h i-cf\"><div class=\"g-cols vc_row type_default valign_middle\"><div class=\"vc_col-sm-6 wpb_column vc_column_container box003\" id=\"header-naslov-box\"><div class=\"vc_column-inner\"><div class=\"wpb_wrapper\"><div class=\"g-cols wpb_row type_default valign_middle vc_inner \"><div class=\"vc_col-sm-12 wpb_column vc_column_container\"><div class=\"vc_column-inner\"><div class=\"wpb_wrapper\">[vc_raw_html]JTNDc3R5bGUlM0UlMEEudGVrc3QwMDIlM0FiZWZvcmUlMjAlN0IlMEElMjAlMjAlMjAlMjBjb250ZW50JTNBJTIwJTI3X19fX19fX19fX19fJTI3JTNCJTBBJTIwJTIwJTIwJTIwZGlzcGxheSUzQSUyMGJsb2NrJTNCJTBBJTIwJTIwJTIwJTIwcG9zaXRpb24lM0ElMjByZWxhdGl2ZSUzQiUwQSUyMCUyMCUyMCUyMGZsb2F0JTNBJTIwbGVmdCUzQiUwQSUyMCUyMCUyMCUyMGhlaWdodCUzQSUyMDMwMHB4JTNCJTBBJTIwJTIwJTIwJTIwcGFkZGluZy1yaWdodCUzQSUyMDIwcHglM0IlMEElMjAlMjAlMjAlMjBsaW5lLWhlaWdodCUzQSUyMDVweCUzQiUwQSU3RCUwQS5ib3gwMDMlMjAlN0IlMEElMjAlMjAlMjAlMjBwYWRkaW5nJTNBJTIwNHJlbSUyMDAlM0IlMEElN0QlMEElM0MlMkZzdHlsZSUzRQ==[\/vc_raw_html]\r\n\t<div class=\"wpb_text_column  tekst001\">\r\n\t\t<div class=\"wpb_wrapper\">\r\n\t\t\t<h1>Tko <strong>smo<\/strong><\/h1>\n\r\n\t\t<\/div>\r\n\t<\/div>\r\n\r\n\t<div class=\"wpb_text_column  tekst002\">\r\n\t\t<div class=\"wpb_wrapper\">\r\n\t\t\t<p>Prva smo regionalna digitalna agencija specijalizirana za pru\u017eanje online i offline komunikacijskih rje\u0161enja u zdravstvu. Pomogli smo brojnim poliklinikama, klinikama i ordinacijama u brendiranju i zauzimanju zna\u010dajne pozicije na doma\u0107em i inozemnom tr\u017ei\u0161tu.<\/p>\n<p>Na\u0161 posao temelji se na kreativnosti, timskom radu, me\u0111usobnom po\u0161tivanju i razumijevanju.<\/p>\n<p>Budu\u0107i da znamo da je za uspjeh klijenta potrebna agencija \u010diji tim \u010dine stru\u010dnjaci iz pojedinih podru\u010dja koji zaokru\u017euju cjelinu, s ponosom vam predstavljamo upravo takav tim.<\/p>\n\r\n\t\t<\/div>\r\n\t<\/div>\r\n<\/div><\/div><\/div><\/div><\/div><\/div><\/div><div class=\"vc_col-sm-6 wpb_column vc_column_container has-fill\" id=\"box015\"><div class=\"vc_column-inner  vc_custom_1549627791976\"><div class=\"wpb_wrapper\"><\/div><\/div><\/div><\/div><\/div><\/section><!-- Row Backgrounds --><div class=\"upb_color\" data-bg-override=\"0\" data-bg-color=\"#000000\" data-fadeout=\"\" data-fadeout-percentage=\"30\" data-parallax-content=\"\" data-parallax-content-sense=\"30\" data-row-effect-mobile-disable=\"true\" data-img-parallax-mobile-disable=\"true\" data-rtl=\"false\"  data-custom-vc-row=\"\"  data-vc=\"5.6\"  data-is_old_vc=\"\"  data-theme-support=\"\"   data-overlay=\"false\" data-overlay-color=\"\" data-overlay-pattern=\"\" data-overlay-pattern-opacity=\"\" data-overlay-pattern-size=\"\"    ><\/div><section class=\"l-section wpb_row height_medium\" id=\"nebojsa\"><div class=\"l-section-h i-cf\"><div class=\"g-cols vc_row type_default valign_middle\"><div class=\"vc_col-sm-8 wpb_column vc_column_container\"><div class=\"vc_column-inner\"><div class=\"wpb_wrapper\"><div class=\"g-cols wpb_row type_default valign_top vc_inner \"><div class=\"vc_col-sm-12 wpb_column vc_column_container\"><div class=\"vc_column-inner\"><div class=\"wpb_wrapper\">\r\n\t<div class=\"wpb_text_column  tekst005\">\r\n\t\t<div class=\"wpb_wrapper\">\r\n\t\t\t<h3><strong>Neboj\u0161a\u00a0<\/strong>Uglje\u0161i\u0107<\/h3>\n\r\n\t\t<\/div>\r\n\t<\/div>\r\n\r\n\t<div class=\"wpb_text_column  tekst007\">\r\n\t\t<div class=\"wpb_wrapper\">\r\n\t\t\t<p>Agenciju vodi Neboj\u0161a Uglje\u0161i\u0107 za kojeg mo\u017eemo re\u0107i da je sinonim za digitalni marketing u zdravstvu.<\/p>\n<p>Neboj\u0161a je jedan od vode\u0107ih stru\u010dnjaka u svijetu online marketinga u stomatologiji. Iskustvo je stekao rade\u0107i za najve\u0107e i najpoznatije implantolo\u0161ke centre i poliklinike u Hrvatskoj kojima je pomogao u brendiranju i razvoju dentalnog turizma. Kao \u010dlan HDD-a i ULUPUH-a, u kategorijama profesionalnih dizajnera, spojio je znanje iz vizualnih komunikacija s online marketingom, \u0161to je vi\u0161e puta preto\u010deno u uspje\u0161an brending stomatolo\u0161kih poliklinika i ordinacija. Do sada je sudjelovao kao predava\u010d na vi\u0161e seminara o marketingu u zdravstvu te vodio individualne i grupne edukacije za manje i ve\u0107e sustave.<\/p>\n\r\n\t\t<\/div>\r\n\t<\/div>\r\n<\/div><\/div><\/div><\/div><\/div><\/div><\/div><div class=\"vc_col-sm-4 wpb_column vc_column_container\"><div class=\"vc_column-inner\"><div class=\"wpb_wrapper\"><div class=\"w-image align_right Rectangle-2\"><div class=\"w-image-h\"><img width=\"796\" height=\"819\" src=\"https:\/\/www.outloud.agency\/wp-content\/uploads\/2019\/02\/nebojsa-2.png\" class=\"attachment-full size-full\" alt=\"\" loading=\"lazy\" srcset=\"https:\/\/www.outloud.agency\/wp-content\/uploads\/2019\/02\/nebojsa-2.png 796w, https:\/\/www.outloud.agency\/wp-content\/uploads\/2019\/02\/nebojsa-2-292x300.png 292w, https:\/\/www.outloud.agency\/wp-content\/uploads\/2019\/02\/nebojsa-2-404x416.png 404w, https:\/\/www.outloud.agency\/wp-content\/uploads\/2019\/02\/nebojsa-2-363x373.png 363w\" sizes=\"(max-width: 796px) 100vw, 796px\" \/><\/div><\/div><\/div><\/div><\/div><\/div><\/div><\/section><!-- Row Backgrounds --><div class=\"upb_color\" data-bg-override=\"0\" data-bg-color=\"#000000\" data-fadeout=\"\" data-fadeout-percentage=\"30\" data-parallax-content=\"\" data-parallax-content-sense=\"30\" data-row-effect-mobile-disable=\"true\" data-img-parallax-mobile-disable=\"true\" data-rtl=\"false\"  data-custom-vc-row=\"\"  data-vc=\"5.6\"  data-is_old_vc=\"\"  data-theme-support=\"\"   data-overlay=\"false\" data-overlay-color=\"\" data-overlay-pattern=\"\" data-overlay-pattern-opacity=\"\" data-overlay-pattern-size=\"\"    ><\/div><section class=\"l-section wpb_row height_medium\"><div class=\"l-section-h i-cf\"><div class=\"g-cols vc_row type_default valign_top\"><div class=\"vc_col-sm-4 wpb_column vc_column_container\"><div class=\"vc_column-inner\"><div class=\"wpb_wrapper\"><\/div><\/div><\/div><div class=\"vc_col-sm-4 wpb_column vc_column_container\"><div class=\"vc_column-inner\"><div class=\"wpb_wrapper\"><\/div><\/div><\/div><div class=\"vc_col-sm-4 wpb_column vc_column_container\"><div class=\"vc_column-inner\"><div class=\"wpb_wrapper\"><\/div><\/div><\/div><\/div><\/div><\/section><!-- Row Backgrounds --><div class=\"upb_color\" data-bg-override=\"0\" data-bg-color=\"#000000\" data-fadeout=\"\" data-fadeout-percentage=\"30\" data-parallax-content=\"\" data-parallax-content-sense=\"30\" data-row-effect-mobile-disable=\"true\" data-img-parallax-mobile-disable=\"true\" data-rtl=\"false\"  data-custom-vc-row=\"\"  data-vc=\"5.6\"  data-is_old_vc=\"\"  data-theme-support=\"\"   data-overlay=\"false\" data-overlay-color=\"\" data-overlay-pattern=\"\" data-overlay-pattern-opacity=\"\" data-overlay-pattern-size=\"\"    ><\/div><section class=\"l-section wpb_row height_small\"><div class=\"l-section-h i-cf\"><div class=\"g-cols vc_row type_default valign_top\"><div class=\"vc_col-sm-12 wpb_column vc_column_container\"><div class=\"vc_column-inner\"><div class=\"wpb_wrapper\"><div class=\"g-cols wpb_row type_default valign_top vc_inner box001 \"><div class=\"vc_col-sm-12 wpb_column vc_column_container\"><div class=\"vc_column-inner\"><div class=\"wpb_wrapper\">\r\n\t<div class=\"wpb_text_column  tekst008\">\r\n\t\t<div class=\"wpb_wrapper\">\r\n\t\t\t<p>\u017deli\u0161 li postati<br \/>\n<strong>dio tima?<\/strong><\/p>\n\r\n\t\t<\/div>\r\n\t<\/div>\r\n\r\n\t<div class=\"wpb_text_column  tekst009\">\r\n\t\t<div class=\"wpb_wrapper\">\r\n\t\t\t<p>Cijenimo proaktivne ljude pa ako trenutno i nemamo otvoren natje\u010daj za odre\u0111eno radno mjesto, javi nam se. Osim iskustva, dobrih klijenata i tima, imamo i izvrstan ured u centru grada.<\/p>\n<h5><strong>Kako?<\/strong><\/h5>\n<p>Javi nam se.<\/p>\n\r\n\t\t<\/div>\r\n\t<\/div>\r\n<div class=\"w-btn-wrapper width_auto align_center\"><a class=\"w-btn us-btn-style_5 icon_none\" href=\"#kontaktirajte-nas\"><span class=\"w-btn-label\">Po\u0161alji nam poruku<\/span><\/a><\/div>\r\n\t<div class=\"wpb_text_column  tekst009\">\r\n\t\t<div class=\"wpb_wrapper\">\r\n\t\t\t<p>Ako si student koji svoje iskustvo \u017eeli preto\u010diti u praksu, javi nam se i nau\u010dit \u0107emo te teoriju preto\u010diti u praksu.<\/p>\n\r\n\t\t<\/div>\r\n\t<\/div>\r\n<\/div><\/div><\/div><\/div><\/div><\/div><\/div><\/div><\/div><\/section><!-- Row Backgrounds --><div class=\"upb_color\" data-bg-override=\"0\" data-bg-color=\"#000000\" data-fadeout=\"\" data-fadeout-percentage=\"30\" data-parallax-content=\"\" data-parallax-content-sense=\"30\" data-row-effect-mobile-disable=\"true\" data-img-parallax-mobile-disable=\"true\" data-rtl=\"false\"  data-custom-vc-row=\"\"  data-vc=\"5.6\"  data-is_old_vc=\"\"  data-theme-support=\"\"   data-overlay=\"false\" data-overlay-color=\"\" data-overlay-pattern=\"\" data-overlay-pattern-opacity=\"\" data-overlay-pattern-size=\"\"    ><\/div>\n","protected":false},"excerpt":{"rendered":"[vc_raw_html]JTNDc3R5bGUlM0UlMEEudGVrc3QwMDIlM0FiZWZvcmUlMjAlN0IlMEElMjAlMjAlMjAlMjBjb250ZW50JTNBJTIwJTI3X19fX19fX19fX19fJTI3JTNCJTBBJTIwJTIwJTIwJTIwZGlzcGxheSUzQSUyMGJsb2NrJTNCJTBBJTIwJTIwJTIwJTIwcG9zaXRpb24lM0ElMjByZWxhdGl2ZSUzQiUwQSUyMCUyMCUyMCUyMGZsb2F0JTNBJTIwbGVmdCUzQiUwQSUyMCUyMCUyMCUyMGhlaWdodCUzQSUyMDMwMHB4JTNCJTBBJTIwJTIwJTIwJTIwcGFkZGluZy1yaWdodCUzQSUyMDIwcHglM0IlMEElMjAlMjAlMjAlMjBsaW5lLWhlaWdodCUzQSUyMDVweCUzQiUwQSU3RCUwQS5ib3gwMDMlMjAlN0IlMEElMjAlMjAlMjAlMjBwYWRkaW5nJTNBJTIwNHJlbSUyMDAlM0IlMEElN0QlMEElM0MlMkZzdHlsZSUzRQ==[\/vc_raw_html] Tko smo Prva smo regionalna digitalna agencija specijalizirana za pru\u017eanje online i offline komunikacijskih rje\u0161enja u zdravstvu. Pomogli smo brojnim poliklinikama, klinikama i ordinacijama u brendiranju i zauzimanju zna\u010dajne pozicije na doma\u0107em i inozemnom tr\u017ei\u0161tu. Na\u0161 posao temelji se na kreativnosti, timskom radu, me\u0111usobnom po\u0161tivanju i razumijevanju. Budu\u0107i da znamo da je za uspjeh...","protected":false},"author":1,"featured_media":0,"parent":0,"menu_order":0,"comment_status":"closed","ping_status":"closed","template":"","meta":[],"yoast_head":"<!-- This site is optimized with the Yoast SEO plugin v15.8 - https:\/\/yoast.com\/wordpress\/plugins\/seo\/ -->\n<title>O nama - Out Loud<\/title>\n<meta name=\"description\" content=\"Prva smo regionalna digitalna agencija specijalizirana za pru\u017eanje online i offline komunikacijskih rje\u0161enja u zdravstvu.\" \/>\n<meta name=\"robots\" content=\"index, follow, max-snippet:-1, max-image-preview:large, max-video-preview:-1\" \/>\n<link rel=\"canonical\" href=\"https:\/\/www.outloud.agency\/en\/o-nama\/\" \/>\n<meta property=\"og:locale\" content=\"en_US\" \/>\n<meta property=\"og:type\" content=\"article\" \/>\n<meta property=\"og:title\" content=\"O nama - Out Loud\" \/>\n<meta property=\"og:description\" content=\"Prva smo regionalna digitalna agencija specijalizirana za pru\u017eanje online i offline komunikacijskih rje\u0161enja u zdravstvu.\" \/>\n<meta property=\"og:url\" content=\"https:\/\/www.outloud.agency\/en\/o-nama\/\" \/>\n<meta property=\"og:site_name\" content=\"Out Loud\" \/>\n<meta property=\"article:modified_time\" content=\"2020-09-10T16:38:32+00:00\" \/>\n<meta name=\"twitter:card\" content=\"summary_large_image\" \/>\n<meta name=\"twitter:label1\" content=\"Est. reading time\">\n\t<meta name=\"twitter:data1\" content=\"3 minutes\">\n<script type=\"application\/ld+json\" class=\"yoast-schema-graph\">{\"@context\":\"https:\/\/schema.org\",\"@graph\":[{\"@type\":\"WebSite\",\"@id\":\"https:\/\/www.outloud.agency\/#website\",\"url\":\"https:\/\/www.outloud.agency\/\",\"name\":\"Out Loud\",\"description\":\"Specijalizirana digitalna agencija\",\"potentialAction\":[{\"@type\":\"SearchAction\",\"target\":\"https:\/\/www.outloud.agency\/?s={search_term_string}\",\"query-input\":\"required name=search_term_string\"}],\"inLanguage\":\"en-US\"},{\"@type\":\"WebPage\",\"@id\":\"https:\/\/www.outloud.agency\/en\/o-nama\/#webpage\",\"url\":\"https:\/\/www.outloud.agency\/en\/o-nama\/\",\"name\":\"O nama - Out Loud\",\"isPartOf\":{\"@id\":\"https:\/\/www.outloud.agency\/#website\"},\"datePublished\":\"2018-12-23T17:41:01+00:00\",\"dateModified\":\"2020-09-10T16:38:32+00:00\",\"description\":\"Prva smo regionalna digitalna agencija specijalizirana za pru\\u017eanje online i offline komunikacijskih rje\\u0161enja u zdravstvu.\",\"breadcrumb\":{\"@id\":\"https:\/\/www.outloud.agency\/en\/o-nama\/#breadcrumb\"},\"inLanguage\":\"en-US\",\"potentialAction\":[{\"@type\":\"ReadAction\",\"target\":[\"https:\/\/www.outloud.agency\/en\/o-nama\/\"]}]},{\"@type\":\"BreadcrumbList\",\"@id\":\"https:\/\/www.outloud.agency\/en\/o-nama\/#breadcrumb\",\"itemListElement\":[{\"@type\":\"ListItem\",\"position\":1,\"item\":{\"@type\":\"WebPage\",\"@id\":\"https:\/\/www.outloud.agency\/en\/\",\"url\":\"https:\/\/www.outloud.agency\/en\/\",\"name\":\"Po\\u010detna stranica\"}},{\"@type\":\"ListItem\",\"position\":2,\"item\":{\"@type\":\"WebPage\",\"@id\":\"https:\/\/www.outloud.agency\/en\/o-nama\/\",\"url\":\"https:\/\/www.outloud.agency\/en\/o-nama\/\",\"name\":\"O nama\"}}]}]}<\/script>\n<!-- \/ Yoast SEO plugin. -->","_links":{"self":[{"href":"https:\/\/www.outloud.agency\/en\/wp-json\/wp\/v2\/pages\/132"}],"collection":[{"href":"https:\/\/www.outloud.agency\/en\/wp-json\/wp\/v2\/pages"}],"about":[{"href":"https:\/\/www.outloud.agency\/en\/wp-json\/wp\/v2\/types\/page"}],"author":[{"embeddable":true,"href":"https:\/\/www.outloud.agency\/en\/wp-json\/wp\/v2\/users\/1"}],"replies":[{"embeddable":true,"href":"https:\/\/www.outloud.agency\/en\/wp-json\/wp\/v2\/comments?post=132"}],"version-history":[{"count":12,"href":"https:\/\/www.outloud.agency\/en\/wp-json\/wp\/v2\/pages\/132\/revisions"}],"predecessor-version":[{"id":1845,"href":"https:\/\/www.outloud.agency\/en\/wp-json\/wp\/v2\/pages\/132\/revisions\/1845"}],"wp:attachment":[{"href":"https:\/\/www.outloud.agency\/en\/wp-json\/wp\/v2\/media?parent=132"}],"curies":[{"name":"wp","href":"https:\/\/api.w.org\/{rel}","templated":true}]}}